{"id":22,"date":"2025-06-24T21:07:02","date_gmt":"2025-06-24T21:07:02","guid":{"rendered":"https:\/\/sevenoaks.pt\/?page_id=22"},"modified":"2026-03-18T15:43:14","modified_gmt":"2026-03-18T15:43:14","slug":"onde-comprar","status":"publish","type":"page","link":"https:\/\/sevenoaks.pt\/es\/onde-comprar\/","title":{"rendered":"D\u00f3nde Comprar"},"content":{"rendered":"\t\t<div data-elementor-type=\"wp-page\" data-elementor-id=\"22\" class=\"elementor elementor-22\">\n\t\t\t\t<div class=\"elementor-element elementor-element-432f6e1 e-flex e-con-boxed e-con e-parent\" data-id=\"432f6e1\" data-element_type=\"container\" data-e-type=\"container\">\n\t\t\t\t\t<div class=\"e-con-inner\">\n\t\t\t\t<div class=\"elementor-element elementor-element-72ad95e elementor-widget elementor-widget-heading\" data-id=\"72ad95e\" data-element_type=\"widget\" data-e-type=\"widget\" data-widget_type=\"heading.default\">\n\t\t\t\t<div class=\"elementor-widget-container\">\n\t\t\t\t\t<h2 class=\"elementor-heading-title elementor-size-default\">CONTACTE-NOS<\/h2>\t\t\t\t<\/div>\n\t\t\t\t<\/div>\n\t\t\t\t<div class=\"elementor-element elementor-element-76bf6fc elementor-widget elementor-widget-text-editor\" data-id=\"76bf6fc\" data-element_type=\"widget\" data-e-type=\"widget\" data-widget_type=\"text-editor.default\">\n\t\t\t\t<div class=\"elementor-widget-container\">\n\t\t\t\t\t\t\t\t\t<p>Saiba onde comprar a marca, ou entre em contacto connosco<\/p>\t\t\t\t\t\t\t\t<\/div>\n\t\t\t\t<\/div>\n\t\t\t\t\t<\/div>\n\t\t\t\t<\/div>\n\t\t<div class=\"elementor-element elementor-element-d781f99 e-flex e-con-boxed e-con e-parent\" data-id=\"d781f99\" data-element_type=\"container\" data-e-type=\"container\">\n\t\t\t\t\t<div class=\"e-con-inner\">\n\t\t<div class=\"elementor-element elementor-element-95b3420 e-con-full e-flex e-con e-child\" data-id=\"95b3420\" data-element_type=\"container\" data-e-type=\"container\">\n\t\t\t\t<div class=\"elementor-element elementor-element-b45c739 elementor-align-right elementor-widget elementor-widget-button\" data-id=\"b45c739\" data-element_type=\"widget\" data-e-type=\"widget\" data-widget_type=\"button.default\">\n\t\t\t\t<div class=\"elementor-widget-container\">\n\t\t\t\t\t\t\t\t\t<div class=\"elementor-button-wrapper\">\n\t\t\t\t\t<a class=\"elementor-button elementor-button-link elementor-size-sm\" href=\"https:\/\/sevenoaks.pt\/index.php\/onde-comprar\/\">\n\t\t\t\t\t\t<span class=\"elementor-button-content-wrapper\">\n\t\t\t\t\t\t\t\t\t<span class=\"elementor-button-text\">Onde comprar<\/span>\n\t\t\t\t\t<\/span>\n\t\t\t\t\t<\/a>\n\t\t\t\t<\/div>\n\t\t\t\t\t\t\t\t<\/div>\n\t\t\t\t<\/div>\n\t\t\t\t<\/div>\n\t\t<div class=\"elementor-element elementor-element-f25bd96 e-con-full e-flex e-con e-child\" data-id=\"f25bd96\" data-element_type=\"container\" data-e-type=\"container\">\n\t\t\t\t<div class=\"elementor-element elementor-element-e8d69c1 elementor-widget elementor-widget-button\" data-id=\"e8d69c1\" data-element_type=\"widget\" data-e-type=\"widget\" data-widget_type=\"button.default\">\n\t\t\t\t<div class=\"elementor-widget-container\">\n\t\t\t\t\t\t\t\t\t<div class=\"elementor-button-wrapper\">\n\t\t\t\t\t<a class=\"elementor-button elementor-button-link elementor-size-sm\" href=\"https:\/\/sevenoaks.pt\/contactos\/\">\n\t\t\t\t\t\t<span class=\"elementor-button-content-wrapper\">\n\t\t\t\t\t\t\t\t\t<span class=\"elementor-button-text\">Contacte-nos<\/span>\n\t\t\t\t\t<\/span>\n\t\t\t\t\t<\/a>\n\t\t\t\t<\/div>\n\t\t\t\t\t\t\t\t<\/div>\n\t\t\t\t<\/div>\n\t\t\t\t<\/div>\n\t\t\t\t\t<\/div>\n\t\t\t\t<\/div>\n\t\t<div class=\"elementor-element elementor-element-59c8943 e-flex e-con-boxed e-con e-parent\" data-id=\"59c8943\" data-element_type=\"container\" data-e-type=\"container\">\n\t\t\t\t\t<div class=\"e-con-inner\">\n\t\t\t\t<div class=\"elementor-element elementor-element-48938c3 elementor-widget elementor-widget-wpforms\" data-id=\"48938c3\" data-element_type=\"widget\" data-e-type=\"widget\" data-widget_type=\"wpforms.default\">\n\t\t\t\t<div class=\"elementor-widget-container\">\n\t\t\t\t\t<div class=\"wpforms-container wpforms-container-full wpforms-render-modern\" id=\"wpforms-144\"><form id=\"wpforms-form-144\" class=\"wpforms-validate wpforms-form wpforms-ajax-form\" data-formid=\"144\" method=\"post\" enctype=\"multipart\/form-data\" action=\"\/es\/wp-json\/wp\/v2\/pages\/22\" data-token=\"9cf677511b4d3834a2aa3bed629a1d57\" data-token-time=\"1777438727\"><div class=\"wpforms-head-container\"><div class=\"wpforms-title\">Onde comprar<\/div><div class=\"wpforms-description\">Ap\u00f3s preenchimento do formul\u00e1rio ir\u00e1 ser contactado brevemente com a indica\u00e7\u00e3o da \u00d3ptica autorizada mais pr\u00f3xima.<\/div><\/div><noscript class=\"wpforms-error-noscript\">Por favor, activa JavaScript en tu navegador para completar este formulario.<\/noscript><div id=\"wpforms-error-noscript\" style=\"display: none;\">Por favor, activa JavaScript en tu navegador para completar este formulario.<\/div><div class=\"wpforms-field-container\"><div id=\"wpforms-144-field_1-container\" class=\"wpforms-field wpforms-field-name\" data-field-id=\"1\"><label class=\"wpforms-field-label\" for=\"wpforms-144-field_1\">Nome <span class=\"wpforms-required-label\" aria-hidden=\"true\">*<\/span><\/label><input type=\"text\" id=\"wpforms-144-field_1\" class=\"wpforms-field-large wpforms-field-required\" name=\"wpforms[fields][1]\" aria-errormessage=\"wpforms-144-field_1-error\" required><\/div>\t\t<div id=\"wpforms-144-field_5-container\"\n\t\t\tclass=\"wpforms-field wpforms-field-text\"\n\t\t\tdata-field-type=\"text\"\n\t\t\tdata-field-id=\"5\"\n\t\t\t>\n\t\t\t<label class=\"wpforms-field-label\" for=\"wpforms-144-field_5\" >Nome Tipo Localidade<\/label>\n\t\t\t<input type=\"text\" id=\"wpforms-144-field_5\" class=\"wpforms-field-medium\" name=\"wpforms[fields][5]\" >\n\t\t<\/div>\n\t\t<div id=\"wpforms-144-field_2-container\" class=\"wpforms-field wpforms-field-email\" data-field-id=\"2\"><label class=\"wpforms-field-label\" for=\"wpforms-144-field_2\">Email <span class=\"wpforms-required-label\" aria-hidden=\"true\">*<\/span><\/label><input type=\"email\" id=\"wpforms-144-field_2\" class=\"wpforms-field-large wpforms-field-required\" name=\"wpforms[fields][2]\" spellcheck=\"false\" aria-errormessage=\"wpforms-144-field_2-error\" required><\/div><div id=\"wpforms-144-field_3-container\" class=\"wpforms-field wpforms-field-select wpforms-field-select-style-classic\" data-field-id=\"3\"><label class=\"wpforms-field-label\" for=\"wpforms-144-field_3\">Tipo<\/label><select id=\"wpforms-144-field_3\" class=\"wpforms-field-large\" name=\"wpforms[fields][3]\"><option value=\"\u00d3ptico\"  class=\"choice-1 depth-1\"  >\u00d3ptico<\/option><option value=\"Consumidor final\"  class=\"choice-2 depth-1\"  >Consumidor final<\/option><option value=\"Distribuidor\"  class=\"choice-3 depth-1\"  >Distribuidor<\/option><\/select><\/div><div id=\"wpforms-144-field_4-container\" class=\"wpforms-field wpforms-field-text\" data-field-id=\"4\"><label class=\"wpforms-field-label\" for=\"wpforms-144-field_4\">Localidade<\/label><input type=\"text\" id=\"wpforms-144-field_4\" class=\"wpforms-field-large\" name=\"wpforms[fields][4]\" aria-errormessage=\"wpforms-144-field_4-error\" ><\/div><script>\n\t\t\t\t( function() {\n\t\t\t\t\tconst style = document.createElement( 'style' );\n\t\t\t\t\tstyle.appendChild( document.createTextNode( '#wpforms-144-field_5-container { position: absolute !important; overflow: hidden !important; display: inline !important; height: 1px !important; width: 1px !important; z-index: -1000 !important; padding: 0 !important; } #wpforms-144-field_5-container input { visibility: hidden; } #wpforms-conversational-form-page #wpforms-144-field_5-container label { counter-increment: none; }' ) );\n\t\t\t\t\tdocument.head.appendChild( style );\n\t\t\t\t\tdocument.currentScript?.remove();\n\t\t\t\t} )();\n\t\t\t<\/script><\/div><!-- .wpforms-field-container --><div class=\"wpforms-submit-container\" ><input type=\"hidden\" name=\"wpforms[id]\" value=\"144\"><input type=\"hidden\" name=\"page_title\" value=\"\"><input type=\"hidden\" name=\"page_url\" value=\"https:\/\/sevenoaks.pt\/es\/wp-json\/wp\/v2\/pages\/22\"><input type=\"hidden\" name=\"url_referer\" value=\"\"><button type=\"submit\" name=\"wpforms[submit]\" id=\"wpforms-submit-144\" class=\"wpforms-submit\" data-alt-text=\"A Enviar...\" data-submit-text=\"Enviar\" aria-live=\"assertive\" value=\"wpforms-submit\">Enviar<\/button><img decoding=\"async\" src=\"https:\/\/sevenoaks.pt\/wp-content\/plugins\/wpforms-lite\/assets\/images\/submit-spin.svg\" class=\"wpforms-submit-spinner\" style=\"display: none;\" width=\"26\" height=\"26\" alt=\"Cargando\"><\/div><\/form><\/div>  <!-- .wpforms-container -->\t\t\t\t<\/div>\n\t\t\t\t<\/div>\n\t\t\t\t\t<\/div>\n\t\t\t\t<\/div>\n\t\t\t\t<\/div>\n\t\t","protected":false},"excerpt":{"rendered":"<p>CONTACTE-NOS Saiba onde comprar a marca, ou entre em contacto connosco Onde comprar Contacte-nos Onde comprarAp\u00f3s preenchimento do formul\u00e1rio ir\u00e1 [&hellip;]<\/p>\n","protected":false},"author":1,"featured_media":0,"parent":0,"menu_order":0,"comment_status":"closed","ping_status":"closed","template":"","meta":{"inline_featured_image":false,"site-sidebar-layout":"no-sidebar","site-content-layout":"","ast-site-content-layout":"full-width-container","site-content-style":"default","site-sidebar-style":"default","ast-global-header-display":"","ast-banner-title-visibility":"","ast-main-header-display":"","ast-hfb-above-header-display":"","ast-hfb-below-header-display":"","ast-hfb-mobile-header-display":"","site-post-title":"disabled","ast-breadcrumbs-content":"","ast-featured-img":"disabled","footer-sml-layout":"","ast-disable-related-posts":"","theme-transparent-header-meta":"","adv-header-id-meta":"","stick-header-meta":"","header-above-stick-meta":"","header-main-stick-meta":"","header-below-stick-meta":"","astra-migrate-meta-layouts":"default","ast-page-background-enabled":"default","ast-page-background-meta":{"desktop":{"background-color":"var(--ast-global-color-5)","background-image":"","background-repeat":"repeat","background-position":"center center","background-size":"auto","background-attachment":"scroll","background-type":"","background-media":"","overlay-type":"","overlay-color":"","overlay-opacity":"","overlay-gradient":""},"tablet":{"background-color":"","background-image":"","background-repeat":"repeat","background-position":"center center","background-size":"auto","background-attachment":"scroll","background-type":"","background-media":"","overlay-type":"","overlay-color":"","overlay-opacity":"","overlay-gradient":""},"mobile":{"background-color":"","background-image":"","background-repeat":"repeat","background-position":"center center","background-size":"auto","background-attachment":"scroll","background-type":"","background-media":"","overlay-type":"","overlay-color":"","overlay-opacity":"","overlay-gradient":""}},"ast-content-background-meta":{"desktop":{"background-color":"var(--ast-global-color-4)","background-image":"","background-repeat":"repeat","background-position":"center center","background-size":"auto","background-attachment":"scroll","background-type":"","background-media":"","overlay-type":"","overlay-color":"","overlay-opacity":"","overlay-gradient":""},"tablet":{"background-color":"var(--ast-global-color-4)","background-image":"","background-repeat":"repeat","background-position":"center center","background-size":"auto","background-attachment":"scroll","background-type":"","background-media":"","overlay-type":"","overlay-color":"","overlay-opacity":"","overlay-gradient":""},"mobile":{"background-color":"var(--ast-global-color-4)","background-image":"","background-repeat":"repeat","background-position":"center center","background-size":"auto","background-attachment":"scroll","background-type":"","background-media":"","overlay-type":"","overlay-color":"","overlay-opacity":"","overlay-gradient":""}},"footnotes":""},"class_list":["post-22","page","type-page","status-publish","hentry"],"yoast_head":"<!-- This site is optimized with the Yoast SEO plugin v27.4 - https:\/\/yoast.com\/product\/yoast-seo-wordpress\/ -->\n<title>Onde Comprar - SevenOaks Eyewear<\/title>\n<meta name=\"robots\" content=\"index, follow, max-snippet:-1, max-image-preview:large, max-video-preview:-1\" \/>\n<link rel=\"canonical\" href=\"https:\/\/sevenoaks.pt\/es\/onde-comprar\/\" \/>\n<meta property=\"og:locale\" content=\"es_ES\" \/>\n<meta property=\"og:type\" content=\"article\" \/>\n<meta property=\"og:title\" content=\"Onde Comprar - SevenOaks Eyewear\" \/>\n<meta property=\"og:description\" content=\"CONTACTE-NOS Saiba onde comprar a marca, ou entre em contacto connosco Onde comprar Contacte-nos Onde comprarAp\u00f3s preenchimento do formul\u00e1rio ir\u00e1 [&hellip;]\" \/>\n<meta property=\"og:url\" content=\"https:\/\/sevenoaks.pt\/es\/onde-comprar\/\" \/>\n<meta property=\"og:site_name\" content=\"SevenOaks Eyewear\" \/>\n<meta property=\"article:modified_time\" content=\"2026-03-18T15:43:14+00:00\" \/>\n<meta property=\"og:image\" content=\"https:\/\/sevenoaks.pt\/wp-content\/plugins\/wpforms-lite\/assets\/images\/submit-spin.svg\" \/>\n<meta name=\"twitter:card\" content=\"summary_large_image\" \/>\n<meta name=\"twitter:label1\" content=\"Tiempo de lectura\" \/>\n\t<meta name=\"twitter:data1\" content=\"1 minuto\" \/>\n<script type=\"application\/ld+json\" class=\"yoast-schema-graph\">{\"@context\":\"https:\\\/\\\/schema.org\",\"@graph\":[{\"@type\":\"WebPage\",\"@id\":\"https:\\\/\\\/sevenoaks.pt\\\/onde-comprar\\\/\",\"url\":\"https:\\\/\\\/sevenoaks.pt\\\/onde-comprar\\\/\",\"name\":\"Onde Comprar - SevenOaks Eyewear\",\"isPartOf\":{\"@id\":\"https:\\\/\\\/sevenoaks.pt\\\/#website\"},\"primaryImageOfPage\":{\"@id\":\"https:\\\/\\\/sevenoaks.pt\\\/onde-comprar\\\/#primaryimage\"},\"image\":{\"@id\":\"https:\\\/\\\/sevenoaks.pt\\\/onde-comprar\\\/#primaryimage\"},\"thumbnailUrl\":\"https:\\\/\\\/sevenoaks.pt\\\/wp-content\\\/plugins\\\/wpforms-lite\\\/assets\\\/images\\\/submit-spin.svg\",\"datePublished\":\"2025-06-24T21:07:02+00:00\",\"dateModified\":\"2026-03-18T15:43:14+00:00\",\"breadcrumb\":{\"@id\":\"https:\\\/\\\/sevenoaks.pt\\\/onde-comprar\\\/#breadcrumb\"},\"inLanguage\":\"es\",\"potentialAction\":[{\"@type\":\"ReadAction\",\"target\":[\"https:\\\/\\\/sevenoaks.pt\\\/onde-comprar\\\/\"]}]},{\"@type\":\"ImageObject\",\"inLanguage\":\"es\",\"@id\":\"https:\\\/\\\/sevenoaks.pt\\\/onde-comprar\\\/#primaryimage\",\"url\":\"https:\\\/\\\/sevenoaks.pt\\\/wp-content\\\/plugins\\\/wpforms-lite\\\/assets\\\/images\\\/submit-spin.svg\",\"contentUrl\":\"https:\\\/\\\/sevenoaks.pt\\\/wp-content\\\/plugins\\\/wpforms-lite\\\/assets\\\/images\\\/submit-spin.svg\"},{\"@type\":\"BreadcrumbList\",\"@id\":\"https:\\\/\\\/sevenoaks.pt\\\/onde-comprar\\\/#breadcrumb\",\"itemListElement\":[{\"@type\":\"ListItem\",\"position\":1,\"name\":\"In\u00edcio\",\"item\":\"https:\\\/\\\/sevenoaks.pt\\\/\"},{\"@type\":\"ListItem\",\"position\":2,\"name\":\"Onde Comprar\"}]},{\"@type\":\"WebSite\",\"@id\":\"https:\\\/\\\/sevenoaks.pt\\\/#website\",\"url\":\"https:\\\/\\\/sevenoaks.pt\\\/\",\"name\":\"SevenOaks Eyewear\",\"description\":\"\",\"publisher\":{\"@id\":\"https:\\\/\\\/sevenoaks.pt\\\/#organization\"},\"potentialAction\":[{\"@type\":\"SearchAction\",\"target\":{\"@type\":\"EntryPoint\",\"urlTemplate\":\"https:\\\/\\\/sevenoaks.pt\\\/?s={search_term_string}\"},\"query-input\":{\"@type\":\"PropertyValueSpecification\",\"valueRequired\":true,\"valueName\":\"search_term_string\"}}],\"inLanguage\":\"es\"},{\"@type\":\"Organization\",\"@id\":\"https:\\\/\\\/sevenoaks.pt\\\/#organization\",\"name\":\"SevenOaks Eyewear\",\"url\":\"https:\\\/\\\/sevenoaks.pt\\\/\",\"logo\":{\"@type\":\"ImageObject\",\"inLanguage\":\"es\",\"@id\":\"https:\\\/\\\/sevenoaks.pt\\\/#\\\/schema\\\/logo\\\/image\\\/\",\"url\":\"https:\\\/\\\/sevenoaks.pt\\\/wp-content\\\/uploads\\\/2025\\\/07\\\/Logotipo-Sevenoaks.svg\",\"contentUrl\":\"https:\\\/\\\/sevenoaks.pt\\\/wp-content\\\/uploads\\\/2025\\\/07\\\/Logotipo-Sevenoaks.svg\",\"width\":460,\"height\":125,\"caption\":\"SevenOaks Eyewear\"},\"image\":{\"@id\":\"https:\\\/\\\/sevenoaks.pt\\\/#\\\/schema\\\/logo\\\/image\\\/\"}}]}<\/script>\n<!-- \/ Yoast SEO plugin. -->","yoast_head_json":{"title":"Onde Comprar - SevenOaks Eyewear","robots":{"index":"index","follow":"follow","max-snippet":"max-snippet:-1","max-image-preview":"max-image-preview:large","max-video-preview":"max-video-preview:-1"},"canonical":"https:\/\/sevenoaks.pt\/es\/onde-comprar\/","og_locale":"es_ES","og_type":"article","og_title":"Onde Comprar - SevenOaks Eyewear","og_description":"CONTACTE-NOS Saiba onde comprar a marca, ou entre em contacto connosco Onde comprar Contacte-nos Onde comprarAp\u00f3s preenchimento do formul\u00e1rio ir\u00e1 [&hellip;]","og_url":"https:\/\/sevenoaks.pt\/es\/onde-comprar\/","og_site_name":"SevenOaks Eyewear","article_modified_time":"2026-03-18T15:43:14+00:00","og_image":[{"url":"https:\/\/sevenoaks.pt\/wp-content\/plugins\/wpforms-lite\/assets\/images\/submit-spin.svg","type":"","width":"","height":""}],"twitter_card":"summary_large_image","twitter_misc":{"Tiempo de lectura":"1 minuto"},"schema":{"@context":"https:\/\/schema.org","@graph":[{"@type":"WebPage","@id":"https:\/\/sevenoaks.pt\/onde-comprar\/","url":"https:\/\/sevenoaks.pt\/onde-comprar\/","name":"Onde Comprar - SevenOaks Eyewear","isPartOf":{"@id":"https:\/\/sevenoaks.pt\/#website"},"primaryImageOfPage":{"@id":"https:\/\/sevenoaks.pt\/onde-comprar\/#primaryimage"},"image":{"@id":"https:\/\/sevenoaks.pt\/onde-comprar\/#primaryimage"},"thumbnailUrl":"https:\/\/sevenoaks.pt\/wp-content\/plugins\/wpforms-lite\/assets\/images\/submit-spin.svg","datePublished":"2025-06-24T21:07:02+00:00","dateModified":"2026-03-18T15:43:14+00:00","breadcrumb":{"@id":"https:\/\/sevenoaks.pt\/onde-comprar\/#breadcrumb"},"inLanguage":"es","potentialAction":[{"@type":"ReadAction","target":["https:\/\/sevenoaks.pt\/onde-comprar\/"]}]},{"@type":"ImageObject","inLanguage":"es","@id":"https:\/\/sevenoaks.pt\/onde-comprar\/#primaryimage","url":"https:\/\/sevenoaks.pt\/wp-content\/plugins\/wpforms-lite\/assets\/images\/submit-spin.svg","contentUrl":"https:\/\/sevenoaks.pt\/wp-content\/plugins\/wpforms-lite\/assets\/images\/submit-spin.svg"},{"@type":"BreadcrumbList","@id":"https:\/\/sevenoaks.pt\/onde-comprar\/#breadcrumb","itemListElement":[{"@type":"ListItem","position":1,"name":"In\u00edcio","item":"https:\/\/sevenoaks.pt\/"},{"@type":"ListItem","position":2,"name":"Onde Comprar"}]},{"@type":"WebSite","@id":"https:\/\/sevenoaks.pt\/#website","url":"https:\/\/sevenoaks.pt\/","name":"SevenOaks Eyewear","description":"","publisher":{"@id":"https:\/\/sevenoaks.pt\/#organization"},"potentialAction":[{"@type":"SearchAction","target":{"@type":"EntryPoint","urlTemplate":"https:\/\/sevenoaks.pt\/?s={search_term_string}"},"query-input":{"@type":"PropertyValueSpecification","valueRequired":true,"valueName":"search_term_string"}}],"inLanguage":"es"},{"@type":"Organization","@id":"https:\/\/sevenoaks.pt\/#organization","name":"SevenOaks Eyewear","url":"https:\/\/sevenoaks.pt\/","logo":{"@type":"ImageObject","inLanguage":"es","@id":"https:\/\/sevenoaks.pt\/#\/schema\/logo\/image\/","url":"https:\/\/sevenoaks.pt\/wp-content\/uploads\/2025\/07\/Logotipo-Sevenoaks.svg","contentUrl":"https:\/\/sevenoaks.pt\/wp-content\/uploads\/2025\/07\/Logotipo-Sevenoaks.svg","width":460,"height":125,"caption":"SevenOaks Eyewear"},"image":{"@id":"https:\/\/sevenoaks.pt\/#\/schema\/logo\/image\/"}}]}},"_links":{"self":[{"href":"https:\/\/sevenoaks.pt\/es\/wp-json\/wp\/v2\/pages\/22","targetHints":{"allow":["GET"]}}],"collection":[{"href":"https:\/\/sevenoaks.pt\/es\/wp-json\/wp\/v2\/pages"}],"about":[{"href":"https:\/\/sevenoaks.pt\/es\/wp-json\/wp\/v2\/types\/page"}],"author":[{"embeddable":true,"href":"https:\/\/sevenoaks.pt\/es\/wp-json\/wp\/v2\/users\/1"}],"replies":[{"embeddable":true,"href":"https:\/\/sevenoaks.pt\/es\/wp-json\/wp\/v2\/comments?post=22"}],"version-history":[{"count":26,"href":"https:\/\/sevenoaks.pt\/es\/wp-json\/wp\/v2\/pages\/22\/revisions"}],"predecessor-version":[{"id":1056,"href":"https:\/\/sevenoaks.pt\/es\/wp-json\/wp\/v2\/pages\/22\/revisions\/1056"}],"wp:attachment":[{"href":"https:\/\/sevenoaks.pt\/es\/wp-json\/wp\/v2\/media?parent=22"}],"curies":[{"name":"wp","href":"https:\/\/api.w.org\/{rel}","templated":true}]}}